{"id":2,"date":"2020-07-08T11:41:30","date_gmt":"2020-07-08T09:41:30","guid":{"rendered":"https:\/\/poolprevicab.ch\/?page_id=2"},"modified":"2020-08-17T10:55:41","modified_gmt":"2020-08-17T08:55:41","slug":"page-d-exemple","status":"publish","type":"page","link":"https:\/\/poolprevicab.ch\/de\/","title":{"rendered":"Page d\u2019exemple"},"content":{"rendered":"<div data-elementor-type=\"wp-page\" data-elementor-id=\"2\" class=\"elementor elementor-2\">\n\t\t\t\t\t\t<section class=\"elementor-section elementor-top-section elementor-element elementor-element-61589fd3 elementor-section-boxed elementor-section-height-default elementor-section-height-default\" data-id=\"61589fd3\" data-element_type=\"section\">\n\t\t\t\t\t\t<div class=\"elementor-container elementor-column-gap-default\">\n\t\t\t\t\t<div class=\"elementor-column elementor-col-100 elementor-top-column elementor-element elementor-element-3fd8fca6\" data-id=\"3fd8fca6\" data-element_type=\"column\">\n\t\t\t<div class=\"elementor-widget-wrap elementor-element-populated\">\n\t\t\t\t\t\t<div class=\"elementor-element elementor-element-a2145b9 elementor-widget elementor-widget-slider_revolution\" data-id=\"a2145b9\" data-element_type=\"widget\" data-widget_type=\"slider_revolution.default\">\n\t\t\t\t<div class=\"elementor-widget-container\">\n\t\t\t\t\t\n\t\t<div class=\"wp-block-themepunch-revslider\">\n\t\t\t<!-- START Home 1 REVOLUTION SLIDER 6.7.38 --><p class=\"rs-p-wp-fix\"><\/p>\n\t\t\t<rs-module-wrap id=\"rev_slider_2_1_wrapper\" data-source=\"gallery\" style=\"visibility:hidden;background:transparent;padding:0;margin:0px auto;margin-top:0;margin-bottom:0;\">\n\t\t\t\t<rs-module id=\"rev_slider_2_1\" style=\"\" data-version=\"6.7.38\">\n\t\t\t\t\t<rs-slides style=\"overflow: hidden; position: absolute;\">\n\t\t\t\t\t\t<rs-slide style=\"position: absolute;\" data-key=\"rs-2\" data-title=\"Slide\" data-in=\"o:0;\" data-out=\"a:false;\">\n\t\t\t\t\t\t\t<img fetchpriority=\"high\" decoding=\"async\" src=\"\/\/poolprevicab.ch\/wp-content\/plugins\/revslider\/sr6\/assets\/assets\/dummy.png\" alt=\"\" title=\"iStock-881542122@0,4x\" width=\"1568\" height=\"1046\" class=\"rev-slidebg tp-rs-img rs-lazyload\" data-lazyload=\"\/\/poolprevicab.ch\/wp-content\/uploads\/2020\/08\/iStock-881542122@04x.jpg\" data-no-retina>\n<!--\n\t\t\t\t\t\t\t--><rs-layer\n\t\t\t\t\t\t\t\tid=\"slider-2-slide-2-layer-0\" \n\t\t\t\t\t\t\t\tdata-type=\"text\"\n\t\t\t\t\t\t\t\tdata-rsp_ch=\"on\"\n\t\t\t\t\t\t\t\tdata-xy=\"xo:90px,100px,64px,56px;yo:367px,325px,293px,267px;\"\n\t\t\t\t\t\t\t\tdata-text=\"w:normal;s:60,43,35,26;l:72,72,57,46;fw:900;\"\n\t\t\t\t\t\t\t\tdata-dim=\"w:856px,706px,536px,385px;\"\n\t\t\t\t\t\t\t\tdata-frame_0=\"y:-50,-41,-31,-19;\"\n\t\t\t\t\t\t\t\tdata-frame_1=\"st:300;sp:1100;sR:300;\"\n\t\t\t\t\t\t\t\tdata-frame_999=\"o:0;st:w;sR:7600;\"\n\t\t\t\t\t\t\t\tstyle=\"z-index:9;font-family:'Muli';\"\n\t\t\t\t\t\t\t>Die Anlagel\u00f6sung f\u00fcr Pensionskassen \n\t\t\t\t\t\t\t<\/rs-layer><!--\n\n\t\t\t\t\t\t\t--><rs-layer\n\t\t\t\t\t\t\t\tid=\"slider-2-slide-2-layer-2\" \n\t\t\t\t\t\t\t\tdata-type=\"text\"\n\t\t\t\t\t\t\t\tdata-color=\"rgba(255, 255, 255, 0.25)\"\n\t\t\t\t\t\t\t\tdata-rsp_ch=\"on\"\n\t\t\t\t\t\t\t\tdata-xy=\"x:l,l,c,l;xo:59px,70px,57px,27px;yo:23px,25px,60px,103px;\"\n\t\t\t\t\t\t\t\tdata-text=\"w:normal;s:180,148,129,79;l:190,156,122,75;fw:800;\"\n\t\t\t\t\t\t\t\tdata-dim=\"w:944px,779px,842px,519px;\"\n\t\t\t\t\t\t\t\tdata-frame_0=\"x:0,0,0px,0px;y:-50,-41,-22px,-13px;\"\n\t\t\t\t\t\t\t\tdata-frame_1=\"x:0,0,0px,0px;y:0,0,0px,0px;st:1300;sp:1100;sR:1300;\"\n\t\t\t\t\t\t\t\tdata-frame_999=\"o:0;st:w;sR:6600;\"\n\t\t\t\t\t\t\t\tstyle=\"z-index:8;font-family:'Poppins';text-transform:uppercase;\"\n\t\t\t\t\t\t\t><span style=\"-webkit-text-stroke-color: #d6d6d6; -webkit-text-stroke-width: 1px;\">Pool Previcab<\/span> \n\t\t\t\t\t\t\t<\/rs-layer><!--\n\n\t\t\t\t\t\t\t--><rs-layer\n\t\t\t\t\t\t\t\tid=\"slider-2-slide-2-layer-4\" \n\t\t\t\t\t\t\t\tclass=\"rev-btn\"\n\t\t\t\t\t\t\t\tdata-type=\"button\"\n\t\t\t\t\t\t\t\tdata-bsh=\"c:rgba(0,0,0,0.1);h:8px,6px,4px,2px;v:9px,7px,5px,3px;b:18px,14px,10px,6px;\"\n\t\t\t\t\t\t\t\tdata-rsp_ch=\"on\"\n\t\t\t\t\t\t\t\tdata-xy=\"xo:90px,100px,67px,56px;yo:533px,487px,424px,386px;\"\n\t\t\t\t\t\t\t\tdata-text=\"w:normal;s:16;l:30;fw:700;\"\n\t\t\t\t\t\t\t\tdata-dim=\"minh:0px,none,none,none;\"\n\t\t\t\t\t\t\t\tdata-actions='id:first-section;o:click;a:scrollto;sp:1000ms;e:power1.inOut;'\n\t\t\t\t\t\t\t\tdata-padding=\"t:13;r:35;b:13;l:35;\"\n\t\t\t\t\t\t\t\tdata-frame_1=\"e:power4.inOut;st:1800;sp:1500;sR:1800;\"\n\t\t\t\t\t\t\t\tdata-frame_999=\"o:0;st:w;sR:5700;\"\n\t\t\t\t\t\t\t\tdata-frame_hover=\"bgc:#5dc3ef;bor:0px,0px,0px,0px;sp:200;e:power1.inOut;\"\n\t\t\t\t\t\t\t\tstyle=\"z-index:12;background-color:#2f36bf;font-family:'Muli';\"\n\t\t\t\t\t\t\t>Weitere Infos \n\t\t\t\t\t\t\t<\/rs-layer><!--\n\n\t\t\t\t\t\t\t--><rs-layer\n\t\t\t\t\t\t\t\tid=\"shape-slider\" \n\t\t\t\t\t\t\t\tdata-type=\"shape\"\n\t\t\t\t\t\t\t\tdata-rsp_ch=\"on\"\n\t\t\t\t\t\t\t\tdata-xy=\"xo:-320px,-264px,-371px,-228px;yo:-16px,-13px,-26px,-16px;\"\n\t\t\t\t\t\t\t\tdata-text=\"w:normal;s:20,16,12,7;l:0,20,15,9;\"\n\t\t\t\t\t\t\t\tdata-dim=\"w:300%;h:300%;\"\n\t\t\t\t\t\t\t\tdata-basealign=\"slide\"\n\t\t\t\t\t\t\t\tdata-frame_999=\"o:0;st:w;\"\n\t\t\t\t\t\t\t\tstyle=\"z-index:2;background-color:rgba(0,0,0,0.5);\"\n\t\t\t\t\t\t\t> \n\t\t\t\t\t\t\t<\/rs-layer><!--\n-->\t\t\t\t\t<\/rs-slide>\n\t\t\t\t\t<\/rs-slides>\n\t\t\t\t<\/rs-module>\n\t\t\t\t<script>\n\t\t\t\t\tsetREVStartSize({c: 'rev_slider_2_1',rl:[1240,1024,778,480],el:[720,768,700,750],gw:[1240,1024,778,480],gh:[720,768,700,750],type:'standard',justify:'',layout:'fullwidth',mh:\"0\"});if (window.RS_MODULES!==undefined && window.RS_MODULES.modules!==undefined && window.RS_MODULES.modules[\"revslider21\"]!==undefined) {window.RS_MODULES.modules[\"revslider21\"].once = false;window.revapi2 = undefined;if (window.RS_MODULES.checkMinimal!==undefined) window.RS_MODULES.checkMinimal()}\n\t\t\t\t<\/script>\n\t\t\t<\/rs-module-wrap>\n\t\t\t<!-- END REVOLUTION SLIDER -->\n<\/div>\n\n\t\t\t\t\t\t<\/div>\n\t\t\t\t<\/div>\n\t\t\t\t<div class=\"elementor-element elementor-element-7281a738 elementor-invisible elementor-widget elementor-widget-text-editor\" data-id=\"7281a738\" data-element_type=\"widget\" id=\"first-section\" data-settings=\"{&quot;_animation&quot;:&quot;fadeInUp&quot;}\" data-widget_type=\"text-editor.default\">\n\t\t\t\t<div class=\"elementor-widget-container\">\n\t\t\t\t\t\t\t\t\t<p class=\"translation-block\">Der <strong>Pool Previcab<\/strong> ist eine Anlagel\u00f6sung, bei der autonome und teilautonome Pensionskassen ihre Verm\u00f6genswerte zusammenlegen, um \u00fcber eine <strong>gemeinsame Zentrale<\/strong> Finanzdienstleistungen einzukaufen, die sie f\u00fcr das Management ihrer Portfolios ben\u00f6tigen. <strong>Die Pensionskassen bleiben dabei unabh\u00e4ngig.<\/strong><\/p>\n<p>\u00a0<\/p>\n<p class=\"translation-block\">Durch dieses sogenannte Asset Pooling ist es m\u00f6glich. <strong>Kosten<\/strong> f\u00fcr die Bewirtschaftung des Portfolios um durchschnittlich 50% zu <strong>senken<\/strong>, das <strong>Finanzmanagement zu professionalisieren<\/strong> und die <strong>Nettorenditen zu erh\u00f6hen<\/strong>. Das einfache und flexible Konzept hat den Vorteil, dass die Pensionskassen die Kontrolle \u00fcber ihre Gesch\u00e4fte behalten und sich den Herausforderungen der beruflichen Vorsorge stellen k\u00f6nnen.<\/p>\t\t\t\t\t\t\t\t<\/div>\n\t\t\t\t<\/div>\n\t\t\t\t<div class=\"elementor-element elementor-element-5ea37cd elementor-widget elementor-widget-spacer\" data-id=\"5ea37cd\" data-element_type=\"widget\" data-widget_type=\"spacer.default\">\n\t\t\t\t<div class=\"elementor-widget-container\">\n\t\t\t\t\t\t\t<div class=\"elementor-spacer\">\n\t\t\t<div class=\"elementor-spacer-inner\"><\/div>\n\t\t<\/div>\n\t\t\t\t\t\t<\/div>\n\t\t\t\t<\/div>\n\t\t\t\t\t<\/div>\n\t\t<\/div>\n\t\t\t\t\t<\/div>\n\t\t<\/section>\n\t\t\t\t<\/div>","protected":false},"excerpt":{"rendered":"<p>Le Pool Previcab est une solution de placement qui a pour objectif de regrouper les actifs financiers de caisses de pensions autonomes ou semi-autonomes, tout en conservant leur ind\u00e9pendance, dans le but de constituer une centrale d\u2019achat commune pour les diff\u00e9rents services financiers n\u00e9cessaires \u00e0 la gestion de leurs portefeuilles. \u00a0 Aussi nomm\u00e9 asset pooling, [&hellip;]<\/p>","protected":false},"author":1,"featured_media":0,"parent":0,"menu_order":0,"comment_status":"closed","ping_status":"open","template":"","meta":{"footnotes":""},"class_list":["post-2","page","type-page","status-publish","hentry"],"_links":{"self":[{"href":"https:\/\/poolprevicab.ch\/de\/wp-json\/wp\/v2\/pages\/2","targetHints":{"allow":["GET"]}}],"collection":[{"href":"https:\/\/poolprevicab.ch\/de\/wp-json\/wp\/v2\/pages"}],"about":[{"href":"https:\/\/poolprevicab.ch\/de\/wp-json\/wp\/v2\/types\/page"}],"author":[{"embeddable":true,"href":"https:\/\/poolprevicab.ch\/de\/wp-json\/wp\/v2\/users\/1"}],"replies":[{"embeddable":true,"href":"https:\/\/poolprevicab.ch\/de\/wp-json\/wp\/v2\/comments?post=2"}],"version-history":[{"count":102,"href":"https:\/\/poolprevicab.ch\/de\/wp-json\/wp\/v2\/pages\/2\/revisions"}],"predecessor-version":[{"id":2016,"href":"https:\/\/poolprevicab.ch\/de\/wp-json\/wp\/v2\/pages\/2\/revisions\/2016"}],"wp:attachment":[{"href":"https:\/\/poolprevicab.ch\/de\/wp-json\/wp\/v2\/media?parent=2"}],"curies":[{"name":"wp","href":"https:\/\/api.w.org\/{rel}","templated":true}]}}